
{"id":10060,"date":"2016-05-24T09:27:05","date_gmt":"2016-05-24T07:27:05","guid":{"rendered":"https:\/\/www.brickrknowledge.de\/fr\/in-the-news\/"},"modified":"2016-05-24T09:27:05","modified_gmt":"2016-05-24T07:27:05","slug":"in-the-news","status":"publish","type":"page","link":"https:\/\/www.brickrknowledge.com\/fr\/a-propos-de-nous\/in-the-news\/","title":{"rendered":"In the news"},"content":{"rendered":"<div class=\"row\">\n<div class=\"col-md-4\"><a style=\"display: block;\" href=\"http:\/\/www.golem.de\/news\/brick-r-knowledge-angetestet-elektronik-lernen-nach-vaters-sitte-aufgefrischt-1512-117721.html\"><br \/>\n<img loading=\"lazy\" decoding=\"async\" class=\"wp-image-6605 size-medium alignleft\" style=\"float: left;\" src=\"https:\/\/www.brickrknowledge.de\/content\/uploads\/2016\/06\/golem.jpg\" alt=\"tele\" width=\"300\" height=\"300\" \/><br \/>\n<\/a><\/div>\n<div class=\"col-md-8\">\n<h3>WIE ABER SCHON DIE REAKTION DER KOLLEGEN ZEIGTE, HELFEN DIE ROBUSTEN BRICKS, BER\u00dcHRUNGS\u00c4NGSTE ABZUBAUEN. KAUM WAR EIN STROMKREIS ZUSAMMENGEBAUT, WURDE AUCH SCHON WIEDER IN DER KISTE GEW\u00dcHLT, UM EIN NEUES BAUELEMENT ZU ENTDECKEN UND HERAUSZUFINDEN, WAS DAMIT ANGESTELLT WERDEN KANN.<\/h3>\n<\/div>\n<\/div>\n<div class=\"row\">\n<div class=\"col-md-4\"><a style=\"display: block;\" href=\"https:\/\/teletimesinternational.com\/allnet-brickrknowledge\/\"><br \/>\n<img loading=\"lazy\" decoding=\"async\" class=\"wp-image-6605 size-medium alignleft\" style=\"float: left;\" src=\"https:\/\/www.brickrknowledge.de\/content\/uploads\/2016\/05\/tele-300x300.jpg\" alt=\"tele\" width=\"300\" height=\"300\" srcset=\"https:\/\/www.brickrknowledge.com\/content\/uploads\/2016\/05\/tele-300x300.jpg 300w, https:\/\/www.brickrknowledge.com\/content\/uploads\/2016\/05\/tele-150x150.jpg 150w, https:\/\/www.brickrknowledge.com\/content\/uploads\/2016\/05\/tele-768x768.jpg 768w, https:\/\/www.brickrknowledge.com\/content\/uploads\/2016\/05\/tele-320x320.jpg 320w, https:\/\/www.brickrknowledge.com\/content\/uploads\/2016\/05\/tele-330x330.jpg 330w, https:\/\/www.brickrknowledge.com\/content\/uploads\/2016\/05\/tele.jpg 1000w\" sizes=\"(max-width: 300px) 100vw, 300px\" \/><br \/>\n<\/a><\/div>\n<div class=\"col-md-8\">\n<h3>\u201cWe\u2019ve seen quite a bit of Robotics and IoT devices at GITEX this year, where do you think your \u201cBrick\u2019R\u2019knowledge\u201d system will play a role in these major industry trends in the coming years?\u201d<\/h3>\n<\/div>\n<\/div>\n<div class=\"row\">\n<div class=\"col-md-4\"><a style=\"display: block;\" href=\"http:\/\/sitec.ae\/brick-r-knowledge-interview-transferring-electronical-knowledge-with-brickrknowledge-teletimes-international\/\"><br \/>\n<img loading=\"lazy\" decoding=\"async\" class=\"size-medium wp-image-6601 alignleft\" style=\"float: left;\" src=\"https:\/\/www.brickrknowledge.de\/content\/uploads\/2016\/05\/sitec-300x300.jpg\" alt=\"sitec\" width=\"300\" height=\"300\" srcset=\"https:\/\/www.brickrknowledge.com\/content\/uploads\/2016\/05\/sitec-300x300.jpg 300w, https:\/\/www.brickrknowledge.com\/content\/uploads\/2016\/05\/sitec-150x150.jpg 150w, https:\/\/www.brickrknowledge.com\/content\/uploads\/2016\/05\/sitec-768x768.jpg 768w, https:\/\/www.brickrknowledge.com\/content\/uploads\/2016\/05\/sitec-320x320.jpg 320w, https:\/\/www.brickrknowledge.com\/content\/uploads\/2016\/05\/sitec-330x330.jpg 330w, https:\/\/www.brickrknowledge.com\/content\/uploads\/2016\/05\/sitec.jpg 1000w\" sizes=\"(max-width: 300px) 100vw, 300px\" \/><br \/>\n<\/a><\/div>\n<div class=\"col-md-8\">\n<h3>\u201cToby Ruckert: How was your experience at GITEX? It is not the first time you have participated \u2013 some of our readers would be interested in how the show has developed over the years in your opinion?\u201d<\/h3>\n<\/div>\n<\/div>\n<div class=\"row\">\n<div class=\"col-md-4\"><a style=\"display: block;\" href=\"http:\/\/www.makerfaire-ruhr.com\/meet-the-makers-brickrknowledge\/\"><br \/>\n<img loading=\"lazy\" decoding=\"async\" class=\"wp-image-6597 size-medium alignleft\" style=\"float: left;\" src=\"https:\/\/www.brickrknowledge.de\/content\/uploads\/2016\/05\/ruhr-300x300.jpg\" alt=\"ruhr\" width=\"300\" height=\"300\" srcset=\"https:\/\/www.brickrknowledge.com\/content\/uploads\/2016\/05\/ruhr-300x300.jpg 300w, https:\/\/www.brickrknowledge.com\/content\/uploads\/2016\/05\/ruhr-150x150.jpg 150w, https:\/\/www.brickrknowledge.com\/content\/uploads\/2016\/05\/ruhr-768x768.jpg 768w, https:\/\/www.brickrknowledge.com\/content\/uploads\/2016\/05\/ruhr-320x320.jpg 320w, https:\/\/www.brickrknowledge.com\/content\/uploads\/2016\/05\/ruhr-330x330.jpg 330w, https:\/\/www.brickrknowledge.com\/content\/uploads\/2016\/05\/ruhr.jpg 1000w\" sizes=\"(max-width: 300px) 100vw, 300px\" \/><br \/>\n<\/a><\/div>\n<div class=\"col-md-8\">\n<h3>&laquo;&nbsp;Brick\u00b4R \u00b4knowledge ist ein innovatives Stecksystem, mit dem Elektronikwissen sehr einfach, schnell und spielerisch \u00fcbermittelt werden kann.&nbsp;&raquo;<\/h3>\n<\/div>\n<\/div>\n<div class=\"row\">\n<div class=\"col-md-4\"><a style=\"display: block;\" href=\"http:\/\/make-munich.de\/portfolio\/allnet-brickrknowledge\/\"><br \/>\n<img loading=\"lazy\" decoding=\"async\" class=\"size-medium wp-image-6593 alignleft\" style=\"float: left;\" src=\"https:\/\/www.brickrknowledge.de\/content\/uploads\/2016\/05\/munich-300x300.jpg\" alt=\"munich\" width=\"300\" height=\"300\" srcset=\"https:\/\/www.brickrknowledge.com\/content\/uploads\/2016\/05\/munich-300x300.jpg 300w, https:\/\/www.brickrknowledge.com\/content\/uploads\/2016\/05\/munich-150x150.jpg 150w, https:\/\/www.brickrknowledge.com\/content\/uploads\/2016\/05\/munich-768x768.jpg 768w, https:\/\/www.brickrknowledge.com\/content\/uploads\/2016\/05\/munich-320x320.jpg 320w, https:\/\/www.brickrknowledge.com\/content\/uploads\/2016\/05\/munich-330x330.jpg 330w, https:\/\/www.brickrknowledge.com\/content\/uploads\/2016\/05\/munich.jpg 1000w\" sizes=\"(max-width: 300px) 100vw, 300px\" \/><br \/>\n<\/a><\/div>\n<div class=\"col-md-8\">\n<h3>&laquo;&nbsp;Brick`R\u00b4knowledge ist das innovative Stecksystem von ALLNET, mit dem ihr Elektronikwissen sehr einfach, schnell und spielerisch vermittelt bekommt.&nbsp;&raquo;<\/h3>\n<\/div>\n<\/div>\n<div class=\"row\">\n<div class=\"col-md-4\"><a style=\"display: block;\" href=\"http:\/\/www.bild.de\/regional\/muenchen\/messen\/muenchen-macht-einfach-mal-44189420.bild.html\"><br \/>\n<img loading=\"lazy\" decoding=\"async\" class=\"wp-image-6585 size-medium alignleft\" style=\"float: left;\" src=\"https:\/\/www.brickrknowledge.de\/content\/uploads\/2016\/05\/bild-300x300.jpg\" alt=\"bild\" width=\"300\" height=\"300\" srcset=\"https:\/\/www.brickrknowledge.com\/content\/uploads\/2016\/05\/bild-300x300.jpg 300w, https:\/\/www.brickrknowledge.com\/content\/uploads\/2016\/05\/bild-150x150.jpg 150w, https:\/\/www.brickrknowledge.com\/content\/uploads\/2016\/05\/bild-768x768.jpg 768w, https:\/\/www.brickrknowledge.com\/content\/uploads\/2016\/05\/bild-320x320.jpg 320w, https:\/\/www.brickrknowledge.com\/content\/uploads\/2016\/05\/bild-330x330.jpg 330w, https:\/\/www.brickrknowledge.com\/content\/uploads\/2016\/05\/bild.jpg 1000w\" sizes=\"(max-width: 300px) 100vw, 300px\" \/><br \/>\n<\/a><\/div>\n<div class=\"col-md-8\">\n<h3>&laquo;&nbsp;Selbermachen hat Zukunft. In M\u00fcnchen trafen sich die T\u00fcftler und Hobby-Erfinder am Wochenende in der Zenith-Halle zum Werkeln und Bauen.&nbsp;&raquo;<\/h3>\n<\/div>\n<\/div>\n<div class=\"row\">\n<div class=\"col-md-4\"><a style=\"display: block;\" href=\"http:\/\/www.voiptoday.org\/index.php?option=com_content&amp;view=article&amp;id=877:allnet-brick-r-knowledge-elektronik-advanced-set-dm7rdk&amp;catid=53:general&amp;Itemid=236\"><br \/>\n<img loading=\"lazy\" decoding=\"async\" class=\"size-medium wp-image-6643 alignleft\" style=\"float: left;\" src=\"https:\/\/www.brickrknowledge.de\/content\/uploads\/2016\/05\/voip-300x300.jpg\" alt=\"voip\" width=\"300\" height=\"300\" srcset=\"https:\/\/www.brickrknowledge.com\/content\/uploads\/2016\/05\/voip-300x300.jpg 300w, https:\/\/www.brickrknowledge.com\/content\/uploads\/2016\/05\/voip-150x150.jpg 150w, https:\/\/www.brickrknowledge.com\/content\/uploads\/2016\/05\/voip-768x768.jpg 768w, https:\/\/www.brickrknowledge.com\/content\/uploads\/2016\/05\/voip-320x320.jpg 320w, https:\/\/www.brickrknowledge.com\/content\/uploads\/2016\/05\/voip-330x330.jpg 330w, https:\/\/www.brickrknowledge.com\/content\/uploads\/2016\/05\/voip.jpg 1000w\" sizes=\"(max-width: 300px) 100vw, 300px\" \/><br \/>\n<\/a><\/div>\n<div class=\"col-md-8\">\n<h3>&laquo;&nbsp;The system enhances the practical implementation of learning; knowledge can be gathered and handed down to the younger generation.&nbsp;&raquo;<\/h3>\n<\/div>\n<\/div>\n<div class=\"row\">\n<div class=\"col-md-4\"><a style=\"display: block;\" href=\"https:\/\/tech.sahlmann.com\/tag\/brick-r-knowledge\/\"><br \/>\n<img loading=\"lazy\" decoding=\"async\" class=\"size-medium wp-image-6647 alignleft\" style=\"float: left;\" src=\"https:\/\/www.brickrknowledge.de\/content\/uploads\/2016\/05\/js-300x300.jpg\" alt=\"js\" width=\"300\" height=\"300\" srcset=\"https:\/\/www.brickrknowledge.com\/content\/uploads\/2016\/05\/js-300x300.jpg 300w, https:\/\/www.brickrknowledge.com\/content\/uploads\/2016\/05\/js-150x150.jpg 150w, https:\/\/www.brickrknowledge.com\/content\/uploads\/2016\/05\/js-768x768.jpg 768w, https:\/\/www.brickrknowledge.com\/content\/uploads\/2016\/05\/js-320x320.jpg 320w, https:\/\/www.brickrknowledge.com\/content\/uploads\/2016\/05\/js-330x330.jpg 330w, https:\/\/www.brickrknowledge.com\/content\/uploads\/2016\/05\/js.jpg 1000w\" sizes=\"(max-width: 300px) 100vw, 300px\" \/><br \/>\n<\/a><\/div>\n<div class=\"col-md-8\">\n<h3>&laquo;&nbsp;Aus dem Lieferprogramm der Allnet GmbH \u2013 Brick\u00b4R\u00b4Knowledge, das Lego Technik mit Niederspannung.&nbsp;&raquo;<\/h3>\n<\/div>\n<\/div>\n","protected":false},"excerpt":{"rendered":"<p>WIE ABER SCHON DIE REAKTION DER KOLLEGEN ZEIGTE, HELFEN DIE ROBUSTEN BRICKS, BER\u00dcHRUNGS\u00c4NGSTE ABZUBAUEN. KAUM WAR EIN STROMKREIS ZUSAMMENGEBAUT, WURDE AUCH SCHON WIEDER IN DER KISTE GEW\u00dcHLT, UM EIN NEUES BAUELEMENT ZU ENTDECKEN UND HERAUSZUFINDEN, WAS DAMIT ANGESTELLT WERDEN KANN. \u201cWe\u2019ve seen quite a bit of Robotics and IoT devices at GITEX this year, where [&hellip;]<\/p>\n","protected":false},"author":2,"featured_media":0,"parent":10869,"menu_order":0,"comment_status":"closed","ping_status":"closed","template":"","meta":{"footnotes":""},"categories":[],"tags":[],"class_list":["post-10060","page","type-page","status-publish","hentry"],"yoast_head":"<!-- This site is optimized with the Yoast SEO plugin v23.3 - https:\/\/yoast.com\/wordpress\/plugins\/seo\/ -->\n<title>In the news - Brick&#039;R&#039;knowledge<\/title>\n<meta name=\"robots\" content=\"index, follow, max-snippet:-1, max-image-preview:large, max-video-preview:-1\" \/>\n<link rel=\"canonical\" href=\"https:\/\/wiki.brickrknowledge.eu\/fr\/a-propos-de-nous\/in-the-news\/\" \/>\n<meta property=\"og:locale\" content=\"fr_FR\" \/>\n<meta property=\"og:type\" content=\"article\" \/>\n<meta property=\"og:title\" content=\"In the news - Brick&#039;R&#039;knowledge\" \/>\n<meta property=\"og:description\" content=\"WIE ABER SCHON DIE REAKTION DER KOLLEGEN ZEIGTE, HELFEN DIE ROBUSTEN BRICKS, BER\u00dcHRUNGS\u00c4NGSTE ABZUBAUEN. KAUM WAR EIN STROMKREIS ZUSAMMENGEBAUT, WURDE AUCH SCHON WIEDER IN DER KISTE GEW\u00dcHLT, UM EIN NEUES BAUELEMENT ZU ENTDECKEN UND HERAUSZUFINDEN, WAS DAMIT ANGESTELLT WERDEN KANN. \u201cWe\u2019ve seen quite a bit of Robotics and IoT devices at GITEX this year, where [&hellip;]\" \/>\n<meta property=\"og:url\" content=\"https:\/\/wiki.brickrknowledge.eu\/fr\/a-propos-de-nous\/in-the-news\/\" \/>\n<meta property=\"og:site_name\" content=\"Brick&#039;R&#039;knowledge\" \/>\n<meta property=\"article:publisher\" content=\"https:\/\/www.facebook.com\/BrickRknowledge\" \/>\n<meta property=\"og:image\" content=\"https:\/\/www.brickrknowledge.de\/content\/uploads\/2016\/06\/golem.jpg\" \/>\n<meta name=\"twitter:card\" content=\"summary_large_image\" \/>\n<meta name=\"twitter:site\" content=\"@brickrknowledge\" \/>\n<meta name=\"twitter:label1\" content=\"Est. reading time\" \/>\n\t<meta name=\"twitter:data1\" content=\"1 minute\" \/>\n<script type=\"application\/ld+json\" class=\"yoast-schema-graph\">{\"@context\":\"https:\/\/schema.org\",\"@graph\":[{\"@type\":\"WebPage\",\"@id\":\"https:\/\/wiki.brickrknowledge.eu\/fr\/a-propos-de-nous\/in-the-news\/\",\"url\":\"https:\/\/wiki.brickrknowledge.eu\/fr\/a-propos-de-nous\/in-the-news\/\",\"name\":\"In the news - Brick&#039;R&#039;knowledge\",\"isPartOf\":{\"@id\":\"https:\/\/wiki.brickrknowledge.com\/es\/#website\"},\"primaryImageOfPage\":{\"@id\":\"https:\/\/wiki.brickrknowledge.eu\/fr\/a-propos-de-nous\/in-the-news\/#primaryimage\"},\"image\":{\"@id\":\"https:\/\/wiki.brickrknowledge.eu\/fr\/a-propos-de-nous\/in-the-news\/#primaryimage\"},\"thumbnailUrl\":\"https:\/\/www.brickrknowledge.de\/content\/uploads\/2016\/06\/golem.jpg\",\"datePublished\":\"2016-05-24T07:27:05+00:00\",\"dateModified\":\"2016-05-24T07:27:05+00:00\",\"breadcrumb\":{\"@id\":\"https:\/\/wiki.brickrknowledge.eu\/fr\/a-propos-de-nous\/in-the-news\/#breadcrumb\"},\"inLanguage\":\"fr-FR\",\"potentialAction\":[{\"@type\":\"ReadAction\",\"target\":[\"https:\/\/wiki.brickrknowledge.eu\/fr\/a-propos-de-nous\/in-the-news\/\"]}]},{\"@type\":\"ImageObject\",\"inLanguage\":\"fr-FR\",\"@id\":\"https:\/\/wiki.brickrknowledge.eu\/fr\/a-propos-de-nous\/in-the-news\/#primaryimage\",\"url\":\"https:\/\/www.brickrknowledge.de\/content\/uploads\/2016\/06\/golem.jpg\",\"contentUrl\":\"https:\/\/www.brickrknowledge.de\/content\/uploads\/2016\/06\/golem.jpg\"},{\"@type\":\"BreadcrumbList\",\"@id\":\"https:\/\/wiki.brickrknowledge.eu\/fr\/a-propos-de-nous\/in-the-news\/#breadcrumb\",\"itemListElement\":[{\"@type\":\"ListItem\",\"position\":1,\"name\":\"Home\",\"item\":\"https:\/\/brickrknowledge.org\/fr\/\"},{\"@type\":\"ListItem\",\"position\":2,\"name\":\"A propos de nous\",\"item\":\"https:\/\/wiki.brickrknowledge.eu\/fr\/a-propos-de-nous\/\"},{\"@type\":\"ListItem\",\"position\":3,\"name\":\"In the news\"}]},{\"@type\":\"WebSite\",\"@id\":\"https:\/\/wiki.brickrknowledge.com\/es\/#website\",\"url\":\"https:\/\/wiki.brickrknowledge.com\/es\/\",\"name\":\"Brick&#039;R&#039;knowledge\",\"description\":\"\",\"potentialAction\":[{\"@type\":\"SearchAction\",\"target\":{\"@type\":\"EntryPoint\",\"urlTemplate\":\"https:\/\/wiki.brickrknowledge.com\/es\/?s={search_term_string}\"},\"query-input\":\"required name=search_term_string\"}],\"inLanguage\":\"fr-FR\"}]}<\/script>\n<!-- \/ Yoast SEO plugin. -->","yoast_head_json":{"title":"In the news - Brick&#039;R&#039;knowledge","robots":{"index":"index","follow":"follow","max-snippet":"max-snippet:-1","max-image-preview":"max-image-preview:large","max-video-preview":"max-video-preview:-1"},"canonical":"https:\/\/wiki.brickrknowledge.eu\/fr\/a-propos-de-nous\/in-the-news\/","og_locale":"fr_FR","og_type":"article","og_title":"In the news - Brick&#039;R&#039;knowledge","og_description":"WIE ABER SCHON DIE REAKTION DER KOLLEGEN ZEIGTE, HELFEN DIE ROBUSTEN BRICKS, BER\u00dcHRUNGS\u00c4NGSTE ABZUBAUEN. KAUM WAR EIN STROMKREIS ZUSAMMENGEBAUT, WURDE AUCH SCHON WIEDER IN DER KISTE GEW\u00dcHLT, UM EIN NEUES BAUELEMENT ZU ENTDECKEN UND HERAUSZUFINDEN, WAS DAMIT ANGESTELLT WERDEN KANN. \u201cWe\u2019ve seen quite a bit of Robotics and IoT devices at GITEX this year, where [&hellip;]","og_url":"https:\/\/wiki.brickrknowledge.eu\/fr\/a-propos-de-nous\/in-the-news\/","og_site_name":"Brick&#039;R&#039;knowledge","article_publisher":"https:\/\/www.facebook.com\/BrickRknowledge","og_image":[{"url":"https:\/\/www.brickrknowledge.de\/content\/uploads\/2016\/06\/golem.jpg"}],"twitter_card":"summary_large_image","twitter_site":"@brickrknowledge","twitter_misc":{"Est. reading time":"1 minute"},"schema":{"@context":"https:\/\/schema.org","@graph":[{"@type":"WebPage","@id":"https:\/\/wiki.brickrknowledge.eu\/fr\/a-propos-de-nous\/in-the-news\/","url":"https:\/\/wiki.brickrknowledge.eu\/fr\/a-propos-de-nous\/in-the-news\/","name":"In the news - Brick&#039;R&#039;knowledge","isPartOf":{"@id":"https:\/\/wiki.brickrknowledge.com\/es\/#website"},"primaryImageOfPage":{"@id":"https:\/\/wiki.brickrknowledge.eu\/fr\/a-propos-de-nous\/in-the-news\/#primaryimage"},"image":{"@id":"https:\/\/wiki.brickrknowledge.eu\/fr\/a-propos-de-nous\/in-the-news\/#primaryimage"},"thumbnailUrl":"https:\/\/www.brickrknowledge.de\/content\/uploads\/2016\/06\/golem.jpg","datePublished":"2016-05-24T07:27:05+00:00","dateModified":"2016-05-24T07:27:05+00:00","breadcrumb":{"@id":"https:\/\/wiki.brickrknowledge.eu\/fr\/a-propos-de-nous\/in-the-news\/#breadcrumb"},"inLanguage":"fr-FR","potentialAction":[{"@type":"ReadAction","target":["https:\/\/wiki.brickrknowledge.eu\/fr\/a-propos-de-nous\/in-the-news\/"]}]},{"@type":"ImageObject","inLanguage":"fr-FR","@id":"https:\/\/wiki.brickrknowledge.eu\/fr\/a-propos-de-nous\/in-the-news\/#primaryimage","url":"https:\/\/www.brickrknowledge.de\/content\/uploads\/2016\/06\/golem.jpg","contentUrl":"https:\/\/www.brickrknowledge.de\/content\/uploads\/2016\/06\/golem.jpg"},{"@type":"BreadcrumbList","@id":"https:\/\/wiki.brickrknowledge.eu\/fr\/a-propos-de-nous\/in-the-news\/#breadcrumb","itemListElement":[{"@type":"ListItem","position":1,"name":"Home","item":"https:\/\/brickrknowledge.org\/fr\/"},{"@type":"ListItem","position":2,"name":"A propos de nous","item":"https:\/\/wiki.brickrknowledge.eu\/fr\/a-propos-de-nous\/"},{"@type":"ListItem","position":3,"name":"In the news"}]},{"@type":"WebSite","@id":"https:\/\/wiki.brickrknowledge.com\/es\/#website","url":"https:\/\/wiki.brickrknowledge.com\/es\/","name":"Brick&#039;R&#039;knowledge","description":"","potentialAction":[{"@type":"SearchAction","target":{"@type":"EntryPoint","urlTemplate":"https:\/\/wiki.brickrknowledge.com\/es\/?s={search_term_string}"},"query-input":"required name=search_term_string"}],"inLanguage":"fr-FR"}]}},"_links":{"self":[{"href":"https:\/\/www.brickrknowledge.com\/fr\/wp-json\/wp\/v2\/pages\/10060"}],"collection":[{"href":"https:\/\/www.brickrknowledge.com\/fr\/wp-json\/wp\/v2\/pages"}],"about":[{"href":"https:\/\/www.brickrknowledge.com\/fr\/wp-json\/wp\/v2\/types\/page"}],"author":[{"embeddable":true,"href":"https:\/\/www.brickrknowledge.com\/fr\/wp-json\/wp\/v2\/users\/2"}],"replies":[{"embeddable":true,"href":"https:\/\/www.brickrknowledge.com\/fr\/wp-json\/wp\/v2\/comments?post=10060"}],"version-history":[{"count":0,"href":"https:\/\/www.brickrknowledge.com\/fr\/wp-json\/wp\/v2\/pages\/10060\/revisions"}],"up":[{"embeddable":true,"href":"https:\/\/www.brickrknowledge.com\/fr\/wp-json\/wp\/v2\/pages\/10869"}],"wp:attachment":[{"href":"https:\/\/www.brickrknowledge.com\/fr\/wp-json\/wp\/v2\/media?parent=10060"}],"wp:term":[{"taxonomy":"category","embeddable":true,"href":"https:\/\/www.brickrknowledge.com\/fr\/wp-json\/wp\/v2\/categories?post=10060"},{"taxonomy":"post_tag","embeddable":true,"href":"https:\/\/www.brickrknowledge.com\/fr\/wp-json\/wp\/v2\/tags?post=10060"}],"curies":[{"name":"wp","href":"https:\/\/api.w.org\/{rel}","templated":true}]}}